{"id":97,"date":"2021-11-15T20:52:21","date_gmt":"2021-11-15T19:52:21","guid":{"rendered":"https:\/\/aquablog.pl\/?page_id=97"},"modified":"2022-01-11T20:41:24","modified_gmt":"2022-01-11T19:41:24","slug":"dom-polozony-w-malowniczym-terenie","status":"publish","type":"page","link":"https:\/\/nocleg-kaszuby.pl\/index.php\/dom-polozony-w-malowniczym-terenie\/","title":{"rendered":"Dom ca\u0142oroczny na Kaszubach"},"content":{"rendered":"\n<p style=\"font-size:20px\">Ca\u0142oroczny dom do wynaj\u0119cia w miejscowo\u015bci Wiele na Kaszubach<\/p>\n","protected":false},"excerpt":{"rendered":"<p>Ca\u0142oroczny dom do wynaj\u0119cia w miejscowo\u015bci Wiele na Kaszubach<\/p>\n","protected":false},"author":1,"featured_media":219,"parent":0,"menu_order":0,"comment_status":"closed","ping_status":"closed","template":"","meta":{"ngg_post_thumbnail":0,"footnotes":""},"class_list":["post-97","page","type-page","status-publish","has-post-thumbnail","hentry"],"_links":{"self":[{"href":"https:\/\/nocleg-kaszuby.pl\/index.php\/wp-json\/wp\/v2\/pages\/97","targetHints":{"allow":["GET"]}}],"collection":[{"href":"https:\/\/nocleg-kaszuby.pl\/index.php\/wp-json\/wp\/v2\/pages"}],"about":[{"href":"https:\/\/nocleg-kaszuby.pl\/index.php\/wp-json\/wp\/v2\/types\/page"}],"author":[{"embeddable":true,"href":"https:\/\/nocleg-kaszuby.pl\/index.php\/wp-json\/wp\/v2\/users\/1"}],"replies":[{"embeddable":true,"href":"https:\/\/nocleg-kaszuby.pl\/index.php\/wp-json\/wp\/v2\/comments?post=97"}],"version-history":[{"count":9,"href":"https:\/\/nocleg-kaszuby.pl\/index.php\/wp-json\/wp\/v2\/pages\/97\/revisions"}],"predecessor-version":[{"id":647,"href":"https:\/\/nocleg-kaszuby.pl\/index.php\/wp-json\/wp\/v2\/pages\/97\/revisions\/647"}],"wp:featuredmedia":[{"embeddable":true,"href":"https:\/\/nocleg-kaszuby.pl\/index.php\/wp-json\/wp\/v2\/media\/219"}],"wp:attachment":[{"href":"https:\/\/nocleg-kaszuby.pl\/index.php\/wp-json\/wp\/v2\/media?parent=97"}],"curies":[{"name":"wp","href":"https:\/\/api.w.org\/{rel}","templated":true}]}}