{"id":329,"date":"2021-11-16T22:42:07","date_gmt":"2021-11-16T21:42:07","guid":{"rendered":"https:\/\/aquablog.pl\/?page_id=329"},"modified":"2022-03-04T09:16:03","modified_gmt":"2022-03-04T08:16:03","slug":"atrakcje","status":"publish","type":"page","link":"https:\/\/nocleg-kaszuby.pl\/index.php\/atrakcje\/","title":{"rendered":"Atrakcje turystyczne w okolicy"},"content":{"rendered":"\n<p><\/p>\n\n\n\n<p><\/p>\n\n\n\n<section id=\"section-b4f08a2b-bb5e-4b2e-b88c-faf364d77bd4\" class=\"wp-block-gutentor-advanced-columns gutentor-section gutentor-advanced-columns has-color-bg has-custom-bg\"><div class=\"grid-container\"><div class=\"grid-row\">\n<div id=\"section-3be47c71-63ef-41b5-b9fe-36cf2b599d8f\" class=\"wp-block-gutentor-single-column gutentor-single-column  grid-lg-7 grid-md-12 grid-12\">\n<div id=\"section-22b8aac5-a34e-4138-95bf-c08eb084c222\" class=\"wp-block-gutentor-content-box gutentor-section gutentor-content-box-wrapper content-template1\"><div class=\"grid-container gutentor-rm-ct-space\"><div class=\"gutentor-block-header\"><div class=\"gutentor-section-title text-left\"><h2 class=\"gutentor-title\">Kaszuby i okolice<\/h2><\/div><\/div><div class=\"grid-row gutentor-grid-item-wrap\"><div class=\"gutentor-grid-column grid-lg-12 grid-md-12 grid-12\"><div class=\"gutentor-single-item gutentor-single-item-0\"><div class=\"gutentor-single-item-wrap\"><div class=\"gutentor-single-item-content\"><h2 class=\"gutentor-single-item-title\"><\/h2><p class=\"gutentor-single-item-desc\">Kaszuby oferuj\u0105 rozbudowane zaplecze rekreacyjno-us\u0142ugowe i gastronomiczne, zachowuj\u0105c przy tym sw\u0105 dziewicz\u0105 nieskazitelno\u015b\u0107. Niezliczone jeziora zaskakuj\u0105 krystalicznie czyst\u0105 wod\u0105 i bogat\u0105 faun\u0105. Spo\u015br\u00f3d g\u0119stych las\u00f3w wy\u0142aniaj\u0105 si\u0119 malowniczo po\u0142o\u017cone wioski i historyczne miasta z wieloma zabytkami.<br><br>Zach\u0119camy Pa\u0144stwa do zwiedzenia regionu i aktywnego sp\u0119dzania czasu na \u0142onie natury. W najbli\u017cszej okolicy Wiela mog\u0105 Pa\u0144stwo wybra\u0107 si\u0119 na wycieczk\u0119 licznymi \u015bcie\u017ckami rowerowymi z malowniczymi krajobrazami lub pop\u0142yn\u0105\u0107 sp\u0142ywem kajakowym Wd\u0105, Brd\u0105 lub Zbrzyc\u0105 \u2013 ch\u0119tnie pomo\u017cemy Pa\u0144stwu w zorganizowaniu takiego sp\u0142ywu. Lubi\u0105cym sp\u0119dza\u0107 aktywnie czas spodoba si\u0119 mo\u017cliwo\u015b\u0107 \u017ceglowania, latania motolotni\u0105, jazdy konno czy na quadach, gry w paintball. Jesieni\u0105 okoliczne bory staj\u0105 si\u0119 idealnym miejscem grzybobrania, a zim\u0105 bajkowym t\u0142em kulig\u00f3w. Ponadto w najbli\u017cszej okolicy funkcjonuj\u0105 stoki narciarskie i lodowiska.<br><br>Ciekawe miejsca w okolicy Wiela:<\/p><\/div><\/div><\/div><\/div><\/div><\/div><\/div>\n\n\n\n<div id=\"section-7c887237-bcc2-4f68-add5-300813048483\" class=\"wp-block-gutentor-list gutentor-section gutentor-list-wrapper list-template1\"><div class=\"grid-container gutentor-rm-ct-space\"><ul class=\"grid-row gutentor-grid-item-wrap list-indicator-icon text-left gutentor-rm-row-space\"><li class=\"gutentor-list-item grid-lg-12 grid-md-6 grid-12 gutentor-rm-col-space-d gutentor-rm-col-space\"><span class=\"gutentor-single-item gutentor-single-item-0\"><span class=\"gutentor-list-item-wrap\"><span class=\"gutentor-single-list-item-icon\"><i class=\"list-item-icon fas fa-check\"><\/i><\/span><span class=\"gutentor-list-item\"><p class=\"gutentor-single-item-title\">wiele jezior, w tym jezioro Wielewskie, Sk\u0105pe, Charzykowskie i zwane Kaszubskim Morzem Jezioro Wdzydzkie<\/p><\/span><\/span><\/span><\/li><li class=\"gutentor-list-item grid-lg-12 grid-md-6 grid-12 gutentor-rm-col-space-d gutentor-rm-col-space\"><span class=\"gutentor-single-item gutentor-single-item-1\"><span class=\"gutentor-list-item-wrap\"><span class=\"gutentor-single-list-item-icon\"><i class=\"list-item-icon fas fa-check\"><\/i><\/span><span class=\"gutentor-list-item\"><p class=\"gutentor-single-item-title\">Wdzydzki Park Krajobrazowy i Bory Tucholskie \u2013 jeden z najwi\u0119kszych kompleks\u00f3w bor\u00f3w sosnowych w Polsce<\/p><\/span><\/span><\/span><\/li><li class=\"gutentor-list-item grid-lg-12 grid-md-6 grid-12 gutentor-rm-col-space-d gutentor-rm-col-space\"><span class=\"gutentor-single-item gutentor-single-item-2\"><span class=\"gutentor-list-item-wrap\"><span class=\"gutentor-single-list-item-icon\"><i class=\"list-item-icon fas fa-check\"><\/i><\/span><span class=\"gutentor-list-item\"><p class=\"gutentor-single-item-title\">Wie\u017cyca \u2013 najwy\u017csze wzniesienie na Pomorzu, z wie\u017c\u0105 widokow\u0105 na szczycie i czynnymi stokami narciarskimi zim\u0105<\/p><\/span><\/span><\/span><\/li><li class=\"gutentor-list-item grid-lg-12 grid-md-6 grid-12 gutentor-rm-col-space-d gutentor-rm-col-space\"><span class=\"gutentor-single-item gutentor-single-item-3\"><span class=\"gutentor-list-item-wrap\"><span class=\"gutentor-single-list-item-icon\"><i class=\"list-item-icon fas fa-check\"><\/i><\/span><span class=\"gutentor-list-item\"><p class=\"gutentor-single-item-title\">idealnie zachowane kamienne kr\u0119gi w Odrach \u2013 drugie pod wzgl\u0119dem wielko\u015bci w Europie, kamienne kr\u0119gi w W\u0119siorach i Le\u015bnie<\/p><\/span><\/span><\/span><\/li><li class=\"gutentor-list-item grid-lg-12 grid-md-6 grid-12 gutentor-rm-col-space-d gutentor-rm-col-space\"><span class=\"gutentor-single-item gutentor-single-item-4\"><span class=\"gutentor-list-item-wrap\"><span class=\"gutentor-single-list-item-icon\"><i class=\"list-item-icon fas fa-check\"><\/i><\/span><span class=\"gutentor-list-item\"><p class=\"gutentor-single-item-title\">skansen etnograficzny i wie\u017ca widokowa we Wdzydzach Kiszewskich<\/p><\/span><\/span><\/span><\/li><li class=\"gutentor-list-item grid-lg-12 grid-md-6 grid-12 gutentor-rm-col-space-d gutentor-rm-col-space\"><span class=\"gutentor-single-item gutentor-single-item-5\"><span class=\"gutentor-list-item-wrap\"><span class=\"gutentor-single-list-item-icon\"><i class=\"list-item-icon fas fa-check\"><\/i><\/span><span class=\"gutentor-list-item\"><p class=\"gutentor-single-item-title\">skansen w Szymbarku wraz ze s\u0142ynnym \u201edomem stoj\u0105cym na g\u0142owie\u201d, a tak\u017ce domem Sybiraka i najd\u0142u\u017csz\u0105 desk\u0105 na \u015bwiecie<\/p><\/span><\/span><\/span><\/li><li class=\"gutentor-list-item grid-lg-12 grid-md-6 grid-12 gutentor-rm-col-space-d gutentor-rm-col-space\"><span class=\"gutentor-single-item gutentor-single-item-6\"><span class=\"gutentor-list-item-wrap\"><span class=\"gutentor-single-list-item-icon\"><i class=\"list-item-icon fas fa-check\"><\/i><\/span><span class=\"gutentor-list-item\"><p class=\"gutentor-single-item-title\">skansen kolejnictwa w Ko\u015bcierzynie<\/p><\/span><\/span><\/span><\/li><li class=\"gutentor-list-item grid-lg-12 grid-md-6 grid-12 gutentor-rm-col-space-d gutentor-rm-col-space\"><span class=\"gutentor-single-item gutentor-single-item-7\"><span class=\"gutentor-list-item-wrap\"><span class=\"gutentor-single-list-item-icon\"><i class=\"list-item-icon fas fa-check\"><\/i><\/span><span class=\"gutentor-list-item\"><p class=\"gutentor-single-item-title\"> Muzeum Kaszubskie w KartuzachItem<\/p><\/span><\/span><\/span><\/li><li class=\"gutentor-list-item grid-lg-12 grid-md-6 grid-12 gutentor-rm-col-space-d gutentor-rm-col-space\"><span class=\"gutentor-single-item gutentor-single-item-8\"><span class=\"gutentor-list-item-wrap\"><span class=\"gutentor-single-list-item-icon\"><i class=\"list-item-icon fas fa-check\"><\/i><\/span><span class=\"gutentor-list-item\"><p class=\"gutentor-single-item-title\">Muzeum Ceramiki Kaszubskiej w Chmielnie<\/p><\/span><\/span><\/span><\/li><li class=\"gutentor-list-item grid-lg-12 grid-md-6 grid-12 gutentor-rm-col-space-d gutentor-rm-col-space\"><span class=\"gutentor-single-item gutentor-single-item-9\"><span class=\"gutentor-list-item-wrap\"><span class=\"gutentor-single-list-item-icon\"><i class=\"list-item-icon fas fa-check\"><\/i><\/span><span class=\"gutentor-list-item\"><p class=\"gutentor-single-item-title\">miesz\u0105ce si\u0119 w dworku szlacheckim Muzeum Hymnu Narodowego w B\u0119dominie<\/p><\/span><\/span><\/span><\/li><li class=\"gutentor-list-item grid-lg-12 grid-md-6 grid-12 gutentor-rm-col-space-d gutentor-rm-col-space\"><span class=\"gutentor-single-item gutentor-single-item-10\"><span class=\"gutentor-list-item-wrap\"><span class=\"gutentor-single-list-item-icon\"><i class=\"list-item-icon fas fa-check\"><\/i><\/span><span class=\"gutentor-list-item\"><p class=\"gutentor-single-item-title\">zamek w Starej Kiszewie, Cz\u0142uchowie, Bytowie i w Malborku \u2013 jeden z najwi\u0119kszych na \u015bwiecie<\/p><\/span><\/span><\/span><\/li><li class=\"gutentor-list-item grid-lg-12 grid-md-6 grid-12 gutentor-rm-col-space-d gutentor-rm-col-space\"><span class=\"gutentor-single-item gutentor-single-item-11\"><span class=\"gutentor-list-item-wrap\"><span class=\"gutentor-single-list-item-icon\"><i class=\"list-item-icon fas fa-check\"><\/i><\/span><span class=\"gutentor-list-item\"><p class=\"gutentor-single-item-title\">Kolegiata w Kartuzach \u2013 wybudowana w latach 1383-1405<\/p><\/span><\/span><\/span><\/li><li class=\"gutentor-list-item grid-lg-12 grid-md-6 grid-12 gutentor-rm-col-space-d gutentor-rm-col-space\"><span class=\"gutentor-single-item gutentor-single-item-12\"><span class=\"gutentor-list-item-wrap\"><span class=\"gutentor-single-list-item-icon\"><i class=\"list-item-icon fas fa-check\"><\/i><\/span><span class=\"gutentor-list-item\"><p class=\"gutentor-single-item-title\">Cerkiew \u015awi\u0119tego Jerzego w Bytowie \u2013 wybudowana w latach 1675-1685, odbywa\u0142y si\u0119 w niej nabo\u017ce\u0144stwa w j\u0119zyku kaszubskim<\/p><\/span><\/span><\/span><\/li><li class=\"gutentor-list-item grid-lg-12 grid-md-6 grid-12 gutentor-rm-col-space-d gutentor-rm-col-space\"><span class=\"gutentor-single-item gutentor-single-item-13\"><span class=\"gutentor-list-item-wrap\"><span class=\"gutentor-single-list-item-icon\"><i class=\"list-item-icon fas fa-check\"><\/i><\/span><span class=\"gutentor-list-item\"><p class=\"gutentor-single-item-title\">Pa\u0142ac w Le\u017anie<\/p><\/span><\/span><\/span><\/li><li class=\"gutentor-list-item grid-lg-12 grid-md-6 grid-12 gutentor-rm-col-space-d gutentor-rm-col-space\"><span class=\"gutentor-single-item gutentor-single-item-14\"><span class=\"gutentor-list-item-wrap\"><span class=\"gutentor-single-list-item-icon\"><i class=\"list-item-icon fas fa-check\"><\/i><\/span><span class=\"gutentor-list-item\"><p class=\"gutentor-single-item-title\">Dw\u00f3r w Sikorzynie \u2013 by\u0142 siedzib\u0105 rodow\u0105 Sikorskich i Wybickich<\/p><\/span><\/span><\/span><\/li><li class=\"gutentor-list-item grid-lg-12 grid-md-6 grid-12 gutentor-rm-col-space-d gutentor-rm-col-space\"><span class=\"gutentor-single-item gutentor-single-item-15\"><span class=\"gutentor-list-item-wrap\"><span class=\"gutentor-single-list-item-icon\"><i class=\"list-item-icon fas fa-check\"><\/i><\/span><span class=\"gutentor-list-item\"><p class=\"gutentor-single-item-title\">zabytkowy akwedukt w Fojutowie<\/p><\/span><\/span><\/span><\/li><li class=\"gutentor-list-item grid-lg-12 grid-md-6 grid-12 gutentor-rm-col-space-d gutentor-rm-col-space\"><span class=\"gutentor-single-item gutentor-single-item-16\"><span class=\"gutentor-list-item-wrap\"><span class=\"gutentor-single-list-item-icon\"><i class=\"list-item-icon fas fa-check\"><\/i><\/span><span class=\"gutentor-list-item\"><p class=\"gutentor-single-item-title\">drewniany m\u0142yn wodny w Lipuszu<\/p><\/span><\/span><\/span><\/li><li class=\"gutentor-list-item grid-lg-12 grid-md-6 grid-12 gutentor-rm-col-space-d gutentor-rm-col-space\"><span class=\"gutentor-single-item gutentor-single-item-17\"><span class=\"gutentor-list-item-wrap\"><span class=\"gutentor-single-list-item-icon\"><i class=\"list-item-icon fas fa-check\"><\/i><\/span><span class=\"gutentor-list-item\"><p class=\"gutentor-single-item-title\">park miniatur w Mirachowie<\/p><\/span><\/span><\/span><\/li><li class=\"gutentor-list-item grid-lg-12 grid-md-6 grid-12 gutentor-rm-col-space-d gutentor-rm-col-space\"><span class=\"gutentor-single-item gutentor-single-item-18\"><span class=\"gutentor-list-item-wrap\"><span class=\"gutentor-single-list-item-icon\"><i class=\"list-item-icon fas fa-check\"><\/i><\/span><span class=\"gutentor-list-item\"><p class=\"gutentor-single-item-title\">farma strusi w Garczynie<\/p><\/span><\/span><\/span><\/li><li class=\"gutentor-list-item grid-lg-12 grid-md-6 grid-12 gutentor-rm-col-space-d gutentor-rm-col-space\"><span class=\"gutentor-single-item gutentor-single-item-19\"><span class=\"gutentor-list-item-wrap\"><span class=\"gutentor-single-list-item-icon\"><i class=\"list-item-icon fas fa-check\"><\/i><\/span><span class=\"gutentor-list-item\"><p class=\"gutentor-single-item-title\">\u015awiat Labirynt\u00f3w w Blizinach \u2013 dla najm\u0142odszych<\/p><\/span><\/span><\/span><\/li><li class=\"gutentor-list-item grid-lg-12 grid-md-6 grid-12 gutentor-rm-col-space-d gutentor-rm-col-space\"><span class=\"gutentor-single-item gutentor-single-item-20\"><span class=\"gutentor-list-item-wrap\"><span class=\"gutentor-single-list-item-icon\"><i class=\"list-item-icon fas fa-check\"><\/i><\/span><span class=\"gutentor-list-item\"><p class=\"gutentor-single-item-title\">Park Edukacyjny ZOO w Tuchlinie \u2013 z ekspozycj\u0105 \u017cywych gad\u00f3w z Afryki, Ameryki i Azji<\/p><\/span><\/span><\/span><\/li><li class=\"gutentor-list-item grid-lg-12 grid-md-6 grid-12 gutentor-rm-col-space-d gutentor-rm-col-space\"><span class=\"gutentor-single-item gutentor-single-item-21\"><span class=\"gutentor-list-item-wrap\"><span class=\"gutentor-single-list-item-icon\"><i class=\"list-item-icon fas fa-check\"><\/i><\/span><span class=\"gutentor-list-item\"><p class=\"gutentor-single-item-title\">Go\u0142ubie\u0144ski Ogr\u00f3d Botaniczny \u2013 z kilku tysi\u0105cami gatunk\u00f3w ro\u015blin<\/p><\/span><\/span><\/span><\/li><li class=\"gutentor-list-item grid-lg-12 grid-md-6 grid-12 gutentor-rm-col-space-d gutentor-rm-col-space\"><span class=\"gutentor-single-item gutentor-single-item-22\"><span class=\"gutentor-list-item-wrap\"><span class=\"gutentor-single-list-item-icon\"><i class=\"list-item-icon fas fa-check\"><\/i><\/span><span class=\"gutentor-list-item\"><p class=\"gutentor-single-item-title\">liczne zabytki w Tr\u00f3jmie\u015bcie<\/p><\/span><\/span><\/span><\/li><li class=\"gutentor-list-item grid-lg-12 grid-md-6 grid-12 gutentor-rm-col-space-d gutentor-rm-col-space\"><span class=\"gutentor-single-item gutentor-single-item-23\"><span class=\"gutentor-list-item-wrap\"><span class=\"gutentor-single-list-item-icon\"><i class=\"list-item-icon fas fa-check\"><\/i><\/span><span class=\"gutentor-list-item\"><p class=\"gutentor-single-item-title\">molo w Sopocie<\/p><\/span><\/span><\/span><\/li><li class=\"gutentor-list-item grid-lg-12 grid-md-6 grid-12 gutentor-rm-col-space-d gutentor-rm-col-space\"><span class=\"gutentor-single-item gutentor-single-item-24\"><span class=\"gutentor-list-item-wrap\"><span class=\"gutentor-single-list-item-icon\"><i class=\"list-item-icon fas fa-check\"><\/i><\/span><span class=\"gutentor-list-item\"><p class=\"gutentor-single-item-title\">Morze Ba\u0142tyckie\u2026<\/p><\/span><\/span><\/span><\/li><\/ul><\/div><\/div>\n<\/div>\n\n\n\n<div id=\"section-823d8f27-6055-4929-8046-3d2cb1bf4056\" class=\"wp-block-gutentor-single-column gutentor-single-column  grid-lg-5 grid-md-12 grid-12\">\n<figure class=\"wp-block-embed is-type-video is-provider-youtube wp-block-embed-youtube wp-embed-aspect-16-9 wp-has-aspect-ratio\"><div class=\"wp-block-embed__wrapper\">\n<iframe loading=\"lazy\" title=\"Kaszubskie pejza\u017ce\" width=\"525\" height=\"295\" src=\"https:\/\/www.youtube.com\/embed\/Zu7zMzVb7B0?feature=oembed\" frameborder=\"0\" allow=\"accelerometer; autoplay; clipboard-write; encrypted-media; gyroscope; picture-in-picture; web-share\" referrerpolicy=\"strict-origin-when-cross-origin\" allowfullscreen><\/iframe>\n<\/div><\/figure>\n<\/div>\n<\/div><\/div><\/section>\n\n\n\nngg_shortcode_0_placeholder\n\n\n\n<p><\/p>\n\n\n\n<p><\/p>\n\n\n\n<p><\/p>\n\n\n\n<p><\/p>\n","protected":false},"excerpt":{"rendered":"","protected":false},"author":1,"featured_media":710,"parent":0,"menu_order":0,"comment_status":"closed","ping_status":"closed","template":"","meta":{"ngg_post_thumbnail":0,"footnotes":""},"class_list":["post-329","page","type-page","status-publish","has-post-thumbnail","hentry"],"_links":{"self":[{"href":"https:\/\/nocleg-kaszuby.pl\/index.php\/wp-json\/wp\/v2\/pages\/329","targetHints":{"allow":["GET"]}}],"collection":[{"href":"https:\/\/nocleg-kaszuby.pl\/index.php\/wp-json\/wp\/v2\/pages"}],"about":[{"href":"https:\/\/nocleg-kaszuby.pl\/index.php\/wp-json\/wp\/v2\/types\/page"}],"author":[{"embeddable":true,"href":"https:\/\/nocleg-kaszuby.pl\/index.php\/wp-json\/wp\/v2\/users\/1"}],"replies":[{"embeddable":true,"href":"https:\/\/nocleg-kaszuby.pl\/index.php\/wp-json\/wp\/v2\/comments?post=329"}],"version-history":[{"count":11,"href":"https:\/\/nocleg-kaszuby.pl\/index.php\/wp-json\/wp\/v2\/pages\/329\/revisions"}],"predecessor-version":[{"id":1179,"href":"https:\/\/nocleg-kaszuby.pl\/index.php\/wp-json\/wp\/v2\/pages\/329\/revisions\/1179"}],"wp:featuredmedia":[{"embeddable":true,"href":"https:\/\/nocleg-kaszuby.pl\/index.php\/wp-json\/wp\/v2\/media\/710"}],"wp:attachment":[{"href":"https:\/\/nocleg-kaszuby.pl\/index.php\/wp-json\/wp\/v2\/media?parent=329"}],"curies":[{"name":"wp","href":"https:\/\/api.w.org\/{rel}","templated":true}]}}